{"id":1016,"date":"2020-05-11T11:31:39","date_gmt":"2020-05-11T09:31:39","guid":{"rendered":"http:\/\/sfpkyrkslatt.fi\/?page_id=1016"},"modified":"2020-05-11T11:31:39","modified_gmt":"2020-05-11T09:31:39","slug":"sand-sfp-i-kyrkslatt-ett-meddelande","status":"publish","type":"page","link":"https:\/\/sfpkyrkslatt.fi\/index.php\/sand-sfp-i-kyrkslatt-ett-meddelande\/","title":{"rendered":"S\u00e4nd SFP i Kyrksl\u00e4tt ett meddelande"},"content":{"rendered":"<div class=\"wpforms-container wpforms-container-full wpforms-block\" id=\"wpforms-1012\"><form id=\"wpforms-form-1012\" class=\"wpforms-validate wpforms-form\" data-formid=\"1012\" method=\"post\" enctype=\"multipart\/form-data\" action=\"\/index.php\/wp-json\/wp\/v2\/pages\/1016\" data-token=\"913765b52d2209eaf0c11ef1dffbd793\" data-token-time=\"1776413455\"><noscript class=\"wpforms-error-noscript\">Aktivera JavaScript i din webbl\u00e4sare f\u00f6r att fylla i formul\u00e4ret.<\/noscript><div class=\"wpforms-field-container\"><div id=\"wpforms-1012-field_0-container\" class=\"wpforms-field wpforms-field-name\" data-field-id=\"0\"><label class=\"wpforms-field-label\" for=\"wpforms-1012-field_0\">F\u00f6r- och efternamn <span class=\"wpforms-required-label\">*<\/span><\/label><input type=\"text\" id=\"wpforms-1012-field_0\" class=\"wpforms-field-medium wpforms-field-required\" name=\"wpforms[fields][0]\" required><div class=\"wpforms-field-description\">Fyll i ditt f\u00f6r- och efternamn h\u00e4r.<\/div><\/div><div id=\"wpforms-1012-field_1-container\" class=\"wpforms-field wpforms-field-email\" data-field-id=\"1\"><label class=\"wpforms-field-label\" for=\"wpforms-1012-field_1\">E-post <span class=\"wpforms-required-label\">*<\/span><\/label><input type=\"email\" id=\"wpforms-1012-field_1\" class=\"wpforms-field-medium wpforms-field-required\" name=\"wpforms[fields][1]\" spellcheck=\"false\" required><div class=\"wpforms-field-description\">Fyll i din e-post h\u00e4r.<\/div><\/div><div id=\"wpforms-1012-field_5-container\" class=\"wpforms-field wpforms-field-text\" data-field-id=\"5\"><label class=\"wpforms-field-label\" for=\"wpforms-1012-field_5\">Telefonnummer (ifall du vill att vi ringer upp dig)<\/label><input type=\"text\" id=\"wpforms-1012-field_5\" class=\"wpforms-field-medium\" name=\"wpforms[fields][5]\" ><div class=\"wpforms-field-description\">Fyll i ditt telefonnummer ifall du vill att vi ringer upp dig<\/div><\/div><div id=\"wpforms-1012-field_3-container\" class=\"wpforms-field wpforms-field-checkbox\" data-field-id=\"3\"><label class=\"wpforms-field-label\">Mitt \u00e4rende g\u00e4ller <span class=\"wpforms-required-label\">*<\/span><\/label><ul id=\"wpforms-1012-field_3\" class=\"wpforms-field-required\"><li class=\"choice-1 depth-1\"><input type=\"checkbox\" id=\"wpforms-1012-field_3_1\" name=\"wpforms[fields][3][]\" value=\"lokala \u00e4renden i Kyrksl\u00e4tt\" required ><label class=\"wpforms-field-label-inline\" for=\"wpforms-1012-field_3_1\">lokala \u00e4renden i Kyrksl\u00e4tt<\/label><\/li><li class=\"choice-5 depth-1\"><input type=\"checkbox\" id=\"wpforms-1012-field_3_5\" name=\"wpforms[fields][3][]\" value=\"jag \u00f6nskar skicka meddelanden till lokalpolitiker\" required ><label class=\"wpforms-field-label-inline\" for=\"wpforms-1012-field_3_5\">jag \u00f6nskar skicka meddelanden till lokalpolitiker<\/label><\/li><li class=\"choice-2 depth-1\"><input type=\"checkbox\" id=\"wpforms-1012-field_3_2\" name=\"wpforms[fields][3][]\" value=\"medlemsskap i SFP\" required ><label class=\"wpforms-field-label-inline\" for=\"wpforms-1012-field_3_2\">medlemsskap i SFP<\/label><\/li><li class=\"choice-4 depth-1\"><input type=\"checkbox\" id=\"wpforms-1012-field_3_4\" name=\"wpforms[fields][3][]\" value=\"val\u00e4renden\" required ><label class=\"wpforms-field-label-inline\" for=\"wpforms-1012-field_3_4\">val\u00e4renden<\/label><\/li><li class=\"choice-7 depth-1\"><input type=\"checkbox\" id=\"wpforms-1012-field_3_7\" name=\"wpforms[fields][3][]\" value=\"utvecklingsf\u00f6rslag om SFP verksamhet\" required ><label class=\"wpforms-field-label-inline\" for=\"wpforms-1012-field_3_7\">utvecklingsf\u00f6rslag om SFP verksamhet<\/label><\/li><li class=\"choice-6 depth-1\"><input type=\"checkbox\" id=\"wpforms-1012-field_3_6\" name=\"wpforms[fields][3][]\" value=\"feedback\" required ><label class=\"wpforms-field-label-inline\" for=\"wpforms-1012-field_3_6\">feedback<\/label><\/li><li class=\"choice-3 depth-1\"><input type=\"checkbox\" id=\"wpforms-1012-field_3_3\" name=\"wpforms[fields][3][]\" value=\"\u00f6vriga \u00e4renden\" required ><label class=\"wpforms-field-label-inline\" for=\"wpforms-1012-field_3_3\">\u00f6vriga \u00e4renden<\/label><\/li><\/ul><div class=\"wpforms-field-description\">V\u00e4lj vad ditt \u00e4rende g\u00e4ller.<\/div><\/div><div id=\"wpforms-1012-field_2-container\" class=\"wpforms-field wpforms-field-textarea\" data-field-id=\"2\"><label class=\"wpforms-field-label\" for=\"wpforms-1012-field_2\">Meddelande till SFP i Kyrksl\u00e4tt <span class=\"wpforms-required-label\">*<\/span><\/label><textarea id=\"wpforms-1012-field_2\" class=\"wpforms-field-medium wpforms-field-required\" name=\"wpforms[fields][2]\" required><\/textarea><div class=\"wpforms-field-description\">Skriv ditt meddelande h\u00e4r.<\/div><\/div><div id=\"wpforms-1012-field_7-container\" class=\"wpforms-field wpforms-field-radio\" data-field-id=\"7\"><label class=\"wpforms-field-label\">Vill du bli kontaktad i \u00e4rendet? <span class=\"wpforms-required-label\">*<\/span><\/label><ul id=\"wpforms-1012-field_7\" class=\"wpforms-field-required\"><li class=\"choice-1 depth-1\"><input type=\"radio\" id=\"wpforms-1012-field_7_1\" name=\"wpforms[fields][7]\" value=\"Ja\" required ><label class=\"wpforms-field-label-inline\" for=\"wpforms-1012-field_7_1\">Ja<\/label><\/li><li class=\"choice-2 depth-1\"><input type=\"radio\" id=\"wpforms-1012-field_7_2\" name=\"wpforms[fields][7]\" value=\"Nej\" required ><label class=\"wpforms-field-label-inline\" for=\"wpforms-1012-field_7_2\">Nej<\/label><\/li><\/ul><\/div><\/div><!-- .wpforms-field-container --><div class=\"wpforms-field wpforms-field-hp\"><label for=\"wpforms-1012-field-hp\" class=\"wpforms-field-label\">Name<\/label><input type=\"text\" name=\"wpforms[hp]\" id=\"wpforms-1012-field-hp\" class=\"wpforms-field-medium\"><\/div><div class=\"wpforms-submit-container\" ><input type=\"hidden\" name=\"wpforms[id]\" value=\"1012\"><input type=\"hidden\" name=\"page_title\" value=\"\"><input type=\"hidden\" name=\"page_url\" value=\"https:\/\/sfpkyrkslatt.fi\/index.php\/wp-json\/wp\/v2\/pages\/1016\"><input type=\"hidden\" name=\"url_referer\" value=\"\"><button type=\"submit\" name=\"wpforms[submit]\" id=\"wpforms-submit-1012\" class=\"wpforms-submit\" data-alt-text=\"Skickar meddelande.\" data-submit-text=\"Skicka meddelande\" aria-live=\"assertive\" value=\"wpforms-submit\">Skicka meddelande<\/button><\/div><\/form><\/div>  <!-- .wpforms-container -->","protected":false},"excerpt":{"rendered":"","protected":false},"author":4,"featured_media":0,"parent":0,"menu_order":0,"comment_status":"closed","ping_status":"closed","template":"","meta":{"footnotes":""},"class_list":["post-1016","page","type-page","status-publish","hentry"],"jetpack_sharing_enabled":true,"_links":{"self":[{"href":"https:\/\/sfpkyrkslatt.fi\/index.php\/wp-json\/wp\/v2\/pages\/1016","targetHints":{"allow":["GET"]}}],"collection":[{"href":"https:\/\/sfpkyrkslatt.fi\/index.php\/wp-json\/wp\/v2\/pages"}],"about":[{"href":"https:\/\/sfpkyrkslatt.fi\/index.php\/wp-json\/wp\/v2\/types\/page"}],"author":[{"embeddable":true,"href":"https:\/\/sfpkyrkslatt.fi\/index.php\/wp-json\/wp\/v2\/users\/4"}],"replies":[{"embeddable":true,"href":"https:\/\/sfpkyrkslatt.fi\/index.php\/wp-json\/wp\/v2\/comments?post=1016"}],"version-history":[{"count":1,"href":"https:\/\/sfpkyrkslatt.fi\/index.php\/wp-json\/wp\/v2\/pages\/1016\/revisions"}],"predecessor-version":[{"id":1017,"href":"https:\/\/sfpkyrkslatt.fi\/index.php\/wp-json\/wp\/v2\/pages\/1016\/revisions\/1017"}],"wp:attachment":[{"href":"https:\/\/sfpkyrkslatt.fi\/index.php\/wp-json\/wp\/v2\/media?parent=1016"}],"curies":[{"name":"wp","href":"https:\/\/api.w.org\/{rel}","templated":true}]}}