{"id":195,"date":"2017-01-06T14:47:19","date_gmt":"2017-01-06T12:47:19","guid":{"rendered":"https:\/\/sfpkyrkslatt.wordpress.com\/?page_id=195"},"modified":"2024-03-28T18:55:59","modified_gmt":"2024-03-28T16:55:59","slug":"suomeksi","status":"publish","type":"page","link":"https:\/\/sfpkyrkslatt.fi\/index.php\/suomeksi\/","title":{"rendered":"Suomeksi"},"content":{"rendered":"\n<p>Tervetuloa sivuillemme.<\/p>\n\n\n\n<p>Olemme SFP i Kyrksl\u00e4tt, eli Ruotsalaisen kansanpuolueen Kirkkonummen paikallisyhdistys. Haluamme toimia kuntalaisten hyv\u00e4ksi ja olla vahva paikallisvaikuttaja Kirkkonummella. Voit lukea tarkemmin RKP:n toiminnasta suomeksi <a href=\"http:\/\/www.sfp.fi\/fi\">t\u00e4st\u00e4<\/a>.<\/p>\n\n\n\n<p>Ehk\u00e4p\u00e4 olet harkinnut liittyv\u00e4si mukaan poliittiseen p\u00e4\u00e4t\u00f6ksentekoon? Ehk\u00e4 haluasit lis\u00e4tietoja toiminnastamme? Haluasimme mielell\u00e4mme my\u00f6s kuulla sinusta ja mielipiteist\u00e4si enemm\u00e4n. Ota yhteytt\u00e4 niin kerromme lis\u00e4\u00e4.<\/p>\n\n\n<div class=\"wpforms-container wpforms-container-full wpforms-block wpforms-block-6c9c46eb-4c15-44fd-8fad-5941c81f0972\" id=\"wpforms-1077\"><form id=\"wpforms-form-1077\" class=\"wpforms-validate wpforms-form\" data-formid=\"1077\" method=\"post\" enctype=\"multipart\/form-data\" action=\"\/index.php\/wp-json\/wp\/v2\/pages\/195\" data-token=\"b8253ed616925518a99a59c8d77fb4a7\" data-token-time=\"1777554482\"><noscript class=\"wpforms-error-noscript\">Aktivera JavaScript i din webbl\u00e4sare f\u00f6r att fylla i formul\u00e4ret.<\/noscript><div class=\"wpforms-field-container\"><div id=\"wpforms-1077-field_0-container\" class=\"wpforms-field wpforms-field-name\" data-field-id=\"0\"><label class=\"wpforms-field-label\" for=\"wpforms-1077-field_0\">Etu- ja sukunimi <span class=\"wpforms-required-label\">*<\/span><\/label><input type=\"text\" id=\"wpforms-1077-field_0\" class=\"wpforms-field-medium wpforms-field-required\" name=\"wpforms[fields][0]\" required><div class=\"wpforms-field-description\">Kirjoita etu- ja sukunimesi t\u00e4h\u00e4n<\/div><\/div><div id=\"wpforms-1077-field_1-container\" class=\"wpforms-field wpforms-field-email\" data-field-id=\"1\"><label class=\"wpforms-field-label\" for=\"wpforms-1077-field_1\">S\u00e4hk\u00f6posti <span class=\"wpforms-required-label\">*<\/span><\/label><input type=\"email\" id=\"wpforms-1077-field_1\" class=\"wpforms-field-medium wpforms-field-required\" name=\"wpforms[fields][1]\" spellcheck=\"false\" required><div class=\"wpforms-field-description\">Kirjoita s\u00e4hk\u00f6postisi t\u00e4h\u00e4n.<\/div><\/div><div id=\"wpforms-1077-field_5-container\" class=\"wpforms-field wpforms-field-text\" data-field-id=\"5\"><label class=\"wpforms-field-label\" for=\"wpforms-1077-field_5\">Puhelinnumero (mik\u00e4li haluat, ett\u00e4 soitamme sinulle)<\/label><input type=\"text\" id=\"wpforms-1077-field_5\" class=\"wpforms-field-medium\" name=\"wpforms[fields][5]\" ><div class=\"wpforms-field-description\">T\u00e4yt\u00e4 puhelinnumerosi t\u00e4h\u00e4n, mik\u00e4li haluat, ett\u00e4 soitamme sinulle.<\/div><\/div><div id=\"wpforms-1077-field_3-container\" class=\"wpforms-field wpforms-field-checkbox\" data-field-id=\"3\"><label class=\"wpforms-field-label\">Asiani koskee <span class=\"wpforms-required-label\">*<\/span><\/label><ul id=\"wpforms-1077-field_3\" class=\"wpforms-field-required\"><li class=\"choice-1 depth-1\"><input type=\"checkbox\" id=\"wpforms-1077-field_3_1\" name=\"wpforms[fields][3][]\" value=\"kirkkonummelaisia paikallisasioita\" required ><label class=\"wpforms-field-label-inline\" for=\"wpforms-1077-field_3_1\">kirkkonummelaisia paikallisasioita<\/label><\/li><li class=\"choice-5 depth-1\"><input type=\"checkbox\" id=\"wpforms-1077-field_3_5\" name=\"wpforms[fields][3][]\" value=\"haluan l\u00e4hett\u00e4\u00e4 viestin paikallispolitikoille\" required ><label class=\"wpforms-field-label-inline\" for=\"wpforms-1077-field_3_5\">haluan l\u00e4hett\u00e4\u00e4 viestin paikallispolitikoille<\/label><\/li><li class=\"choice-2 depth-1\"><input type=\"checkbox\" id=\"wpforms-1077-field_3_2\" name=\"wpforms[fields][3][]\" value=\"liittymist\u00e4 RKP:hen\" required ><label class=\"wpforms-field-label-inline\" for=\"wpforms-1077-field_3_2\">liittymist\u00e4 RKP:hen<\/label><\/li><li class=\"choice-4 depth-1\"><input type=\"checkbox\" id=\"wpforms-1077-field_3_4\" name=\"wpforms[fields][3][]\" value=\"vaaliasioita\" required ><label class=\"wpforms-field-label-inline\" for=\"wpforms-1077-field_3_4\">vaaliasioita<\/label><\/li><li class=\"choice-7 depth-1\"><input type=\"checkbox\" id=\"wpforms-1077-field_3_7\" name=\"wpforms[fields][3][]\" value=\"kehitysehdotuksia RKP:lle\" required ><label class=\"wpforms-field-label-inline\" for=\"wpforms-1077-field_3_7\">kehitysehdotuksia RKP:lle<\/label><\/li><li class=\"choice-6 depth-1\"><input type=\"checkbox\" id=\"wpforms-1077-field_3_6\" name=\"wpforms[fields][3][]\" value=\"palautetta\" required ><label class=\"wpforms-field-label-inline\" for=\"wpforms-1077-field_3_6\">palautetta<\/label><\/li><li class=\"choice-3 depth-1\"><input type=\"checkbox\" id=\"wpforms-1077-field_3_3\" name=\"wpforms[fields][3][]\" value=\"muita asioita\" required ><label class=\"wpforms-field-label-inline\" for=\"wpforms-1077-field_3_3\">muita asioita<\/label><\/li><\/ul><div class=\"wpforms-field-description\">Valitse, mit\u00e4 asiasi koskee.<\/div><\/div><div id=\"wpforms-1077-field_2-container\" class=\"wpforms-field wpforms-field-textarea\" data-field-id=\"2\"><label class=\"wpforms-field-label\" for=\"wpforms-1077-field_2\">Viestini SFP i Kyrksl\u00e4tt:ille <span class=\"wpforms-required-label\">*<\/span><\/label><textarea id=\"wpforms-1077-field_2\" class=\"wpforms-field-medium wpforms-field-required\" name=\"wpforms[fields][2]\" required><\/textarea><div class=\"wpforms-field-description\">Kirjoita viestisi t\u00e4h\u00e4n.<\/div><\/div><div id=\"wpforms-1077-field_7-container\" class=\"wpforms-field wpforms-field-radio\" data-field-id=\"7\"><label class=\"wpforms-field-label\">Haluatko, ett\u00e4 olemme yhteydess\u00e4 sinuun asian tiimoilta? <span class=\"wpforms-required-label\">*<\/span><\/label><ul id=\"wpforms-1077-field_7\" class=\"wpforms-field-required\"><li class=\"choice-1 depth-1\"><input type=\"radio\" id=\"wpforms-1077-field_7_1\" name=\"wpforms[fields][7]\" value=\"Kyll\u00e4\" required ><label class=\"wpforms-field-label-inline\" for=\"wpforms-1077-field_7_1\">Kyll\u00e4<\/label><\/li><li class=\"choice-2 depth-1\"><input type=\"radio\" id=\"wpforms-1077-field_7_2\" name=\"wpforms[fields][7]\" value=\"En\" required ><label class=\"wpforms-field-label-inline\" for=\"wpforms-1077-field_7_2\">En<\/label><\/li><\/ul><\/div><\/div><!-- .wpforms-field-container --><div class=\"wpforms-field wpforms-field-hp\"><label for=\"wpforms-1077-field-hp\" class=\"wpforms-field-label\">Phone<\/label><input type=\"text\" name=\"wpforms[hp]\" id=\"wpforms-1077-field-hp\" class=\"wpforms-field-medium\"><\/div><div class=\"wpforms-submit-container\" ><input type=\"hidden\" name=\"wpforms[id]\" value=\"1077\"><input type=\"hidden\" name=\"page_title\" value=\"\"><input type=\"hidden\" name=\"page_url\" value=\"https:\/\/sfpkyrkslatt.fi\/index.php\/wp-json\/wp\/v2\/pages\/195\"><input type=\"hidden\" name=\"url_referer\" value=\"\"><button type=\"submit\" name=\"wpforms[submit]\" id=\"wpforms-submit-1077\" class=\"wpforms-submit\" data-alt-text=\"Viesti l\u00e4hetet\u00e4\u00e4n.\" data-submit-text=\"L\u00e4het\u00e4 viesti\" aria-live=\"assertive\" value=\"wpforms-submit\">L\u00e4het\u00e4 viesti<\/button><\/div><\/form><\/div>  <!-- .wpforms-container -->\n\n\n<p class=\"has-text-align-center\"><strong>F\u00f6lj oss p\u00e5 Facebook<\/strong>: <a href=\"https:\/\/www.facebook.com\/SFPiKyrkslatt\/\" target=\"_blank\" rel=\"noreferrer noopener\">https:\/\/www.facebook.com\/SFPiKyrkslatt\/<\/a> <strong>och p\u00e5 Instagram<\/strong> <a href=\"https:\/\/www.instagram.com\/sfp_kyrkslatt\/?hl=fi\">https:\/\/www.instagram.com\/sfp_kyrkslatt\/?hl=fi<\/a><\/p>\n\n\n<div class=\"wp-block-image\">\n<figure class=\"aligncenter size-large is-resized\"><img loading=\"lazy\" decoding=\"async\" width=\"1024\" height=\"302\" src=\"https:\/\/sfpkyrkslatt.fi\/wp-content\/uploads\/2020\/05\/Kyrkslatt1-1-1024x302.png\" alt=\"\" class=\"wp-image-2666\" style=\"width:222px;height:auto\" srcset=\"https:\/\/sfpkyrkslatt.fi\/wp-content\/uploads\/2020\/05\/Kyrkslatt1-1-1024x302.png 1024w, https:\/\/sfpkyrkslatt.fi\/wp-content\/uploads\/2020\/05\/Kyrkslatt1-1-300x88.png 300w, https:\/\/sfpkyrkslatt.fi\/wp-content\/uploads\/2020\/05\/Kyrkslatt1-1-768x226.png 768w, https:\/\/sfpkyrkslatt.fi\/wp-content\/uploads\/2020\/05\/Kyrkslatt1-1-850x250.png 850w, https:\/\/sfpkyrkslatt.fi\/wp-content\/uploads\/2020\/05\/Kyrkslatt1-1.png 1181w\" sizes=\"auto, (max-width: 1024px) 100vw, 1024px\" \/><\/figure>\n<\/div>","protected":false},"excerpt":{"rendered":"<p>Tervetuloa sivuillemme. Olemme SFP i Kyrksl\u00e4tt, eli Ruotsalaisen kansanpuolueen Kirkkonummen paikallisyhdistys. Haluamme toimia kuntalaisten hyv\u00e4ksi ja olla vahva paikallisvaikuttaja Kirkkonummella. Voit lukea tarkemmin RKP:n toiminnasta suomeksi t\u00e4st\u00e4. Ehk\u00e4p\u00e4 olet harkinnut liittyv\u00e4si mukaan poliittiseen p\u00e4\u00e4t\u00f6ksentekoon? Ehk\u00e4 haluasit lis\u00e4tietoja toiminnastamme? Haluasimme mielell\u00e4mme my\u00f6s kuulla sinusta ja mielipiteist\u00e4si enemm\u00e4n. Ota yhteytt\u00e4 niin kerromme lis\u00e4\u00e4.<\/p>\n","protected":false},"author":3,"featured_media":0,"parent":0,"menu_order":0,"comment_status":"closed","ping_status":"closed","template":"","meta":{"footnotes":""},"class_list":["post-195","page","type-page","status-publish","hentry"],"jetpack_sharing_enabled":true,"_links":{"self":[{"href":"https:\/\/sfpkyrkslatt.fi\/index.php\/wp-json\/wp\/v2\/pages\/195","targetHints":{"allow":["GET"]}}],"collection":[{"href":"https:\/\/sfpkyrkslatt.fi\/index.php\/wp-json\/wp\/v2\/pages"}],"about":[{"href":"https:\/\/sfpkyrkslatt.fi\/index.php\/wp-json\/wp\/v2\/types\/page"}],"author":[{"embeddable":true,"href":"https:\/\/sfpkyrkslatt.fi\/index.php\/wp-json\/wp\/v2\/users\/3"}],"replies":[{"embeddable":true,"href":"https:\/\/sfpkyrkslatt.fi\/index.php\/wp-json\/wp\/v2\/comments?post=195"}],"version-history":[{"count":12,"href":"https:\/\/sfpkyrkslatt.fi\/index.php\/wp-json\/wp\/v2\/pages\/195\/revisions"}],"predecessor-version":[{"id":2435,"href":"https:\/\/sfpkyrkslatt.fi\/index.php\/wp-json\/wp\/v2\/pages\/195\/revisions\/2435"}],"wp:attachment":[{"href":"https:\/\/sfpkyrkslatt.fi\/index.php\/wp-json\/wp\/v2\/media?parent=195"}],"curies":[{"name":"wp","href":"https:\/\/api.w.org\/{rel}","templated":true}]}}