{"id":22,"date":"2017-06-19T11:00:00","date_gmt":"2017-06-19T09:00:00","guid":{"rendered":"http:\/\/protosfp.wordpress.com\/?page_id=12"},"modified":"2025-06-17T06:25:52","modified_gmt":"2025-06-17T04:25:52","slug":"kommunfullmaktige","status":"publish","type":"page","link":"https:\/\/sfpkyrkslatt.fi\/index.php\/kommunfullmaktige\/","title":{"rendered":"Kommunfullm\u00e4ktige"},"content":{"rendered":"<p>P\u00e5 Kyrksl\u00e4tts kommuns <a href=\"https:\/\/www.kyrkslatt.fi\/kommunfullmaktige\">n\u00e4tsidor<\/a> skildras n\u00e4rmare om kommunfullm\u00e4ktiges uppgifter. D\u00e4r skrivs:<\/p>\n<h5 style=\"padding-left: 40px;\"><em>&#8221;Finland \u00e4r indelat i kommuner, som enligt grundlagen har sj\u00e4lvstyrelse. I kommunalvalet v\u00e4ljer kommuninv\u00e5narna medlemmarna till kommunens h\u00f6gsta organ, fullm\u00e4ktige. Fullm\u00e4ktige har allm\u00e4n beslutander\u00e4tt i \u00e4renden som \u00e4r gemensamma f\u00f6r kommuninv\u00e5narna. Fullm\u00e4ktige ansvarar f\u00f6r kommunens verksamhet och ekonomi samt beslutar om servicen f\u00f6r kommuninv\u00e5narna. Fullm\u00e4ktige beslutar vilka organ som ska finnas i kommunen och hur beslutander\u00e4tten och uppgifterna f\u00f6rdelas i kommunen samt v\u00e4ljer i regel medlemmarna till de \u00f6vriga beslutsfattande organen. Fullm\u00e4ktige v\u00e4ljs i kommunalvalet vart fj\u00e4rde \u00e5r. Fullm\u00e4ktige \u00e4r ett obligatoriskt organ i kommunen.&#8221;<\/em><\/h5>\n<p>Nedan finner du SFP:s representanter i kommunfullm\u00e4ktige under perioden 2025 &#8211; 2027. Du n\u00e5r oss via v\u00e5ra e-postadresser, vilka \u00e4r fornamn.efternamn@kirkkonummi.fi.<\/p>\n<p>Kommunfullm\u00e4ktiges \u00f6vriga uppgifter <a href=\"https:\/\/kyrkslatt.fi\/kommunfullmaktige\/\">hittar du h\u00e4r<\/a>.<\/p>\n<p>Protokoll och f\u00f6redragningslistor f\u00f6r \u00e4renden som behandlas <a href=\"http:\/\/kirkkonummise.oncloudos.com\/cgi\/DREQUEST.PHP?page=meetings&amp;id=3\">hittar du h\u00e4r<\/a>.<\/p>\n\n\n<table id=\"tablepress-18\" class=\"tablepress tablepress-id-18\">\n<tbody class=\"row-striping row-hover\">\n<tr class=\"row-1\">\n\t<td class=\"column-1\"><\/td><td class=\"column-2\"><\/td>\n<\/tr>\n<tr class=\"row-2\">\n\t<td class=\"column-1\"><img loading=\"lazy\" decoding=\"async\" src=\"https:\/\/sfpkyrkslatt.fi\/wp-content\/uploads\/2025\/06\/Bjork_Tony-150x150.jpg\" alt=\"\" width=\"150\" height=\"150\" class=\"alignleft size-thumbnail wp-image-2980\" srcset=\"https:\/\/sfpkyrkslatt.fi\/wp-content\/uploads\/2025\/06\/Bjork_Tony-150x150.jpg 150w, https:\/\/sfpkyrkslatt.fi\/wp-content\/uploads\/2025\/06\/Bjork_Tony-300x300.jpg 300w, https:\/\/sfpkyrkslatt.fi\/wp-content\/uploads\/2025\/06\/Bjork_Tony-768x768.jpg 768w, https:\/\/sfpkyrkslatt.fi\/wp-content\/uploads\/2025\/06\/Bjork_Tony-850x850.jpg 850w, https:\/\/sfpkyrkslatt.fi\/wp-content\/uploads\/2025\/06\/Bjork_Tony.jpg 903w\" sizes=\"auto, (max-width: 150px) 100vw, 150px\" \/><br \/>\n<br \/>\nTony Bj\u00f6rk<br \/>\nKommunfullm\u00e4ktiges ordf\u00f6rande<\/td><td class=\"column-2\"><img loading=\"lazy\" decoding=\"async\" src=\"https:\/\/sfpkyrkslatt.fi\/wp-content\/uploads\/2025\/06\/Liljequist_Kim-150x150.jpg\" alt=\"\" width=\"150\" height=\"150\" class=\"alignleft size-thumbnail wp-image-2979\" srcset=\"https:\/\/sfpkyrkslatt.fi\/wp-content\/uploads\/2025\/06\/Liljequist_Kim-150x150.jpg 150w, https:\/\/sfpkyrkslatt.fi\/wp-content\/uploads\/2025\/06\/Liljequist_Kim-300x300.jpg 300w, https:\/\/sfpkyrkslatt.fi\/wp-content\/uploads\/2025\/06\/Liljequist_Kim-768x768.jpg 768w, https:\/\/sfpkyrkslatt.fi\/wp-content\/uploads\/2025\/06\/Liljequist_Kim-850x850.jpg 850w, https:\/\/sfpkyrkslatt.fi\/wp-content\/uploads\/2025\/06\/Liljequist_Kim.jpg 907w\" sizes=\"auto, (max-width: 150px) 100vw, 150px\" \/><br \/>\n<br \/>\nKim Liljequist<br \/>\nFullm\u00e4ktigegruppens ordf\u00f6rande<\/td>\n<\/tr>\n<tr class=\"row-3\">\n\t<td class=\"column-1\"><img loading=\"lazy\" decoding=\"async\" src=\"https:\/\/sfpkyrkslatt.fi\/wp-content\/uploads\/2025\/06\/Adlercreutz_Anders-150x150.jpg\" alt=\"\" width=\"150\" height=\"150\" class=\"alignleft size-thumbnail wp-image-2981\" srcset=\"https:\/\/sfpkyrkslatt.fi\/wp-content\/uploads\/2025\/06\/Adlercreutz_Anders-150x150.jpg 150w, https:\/\/sfpkyrkslatt.fi\/wp-content\/uploads\/2025\/06\/Adlercreutz_Anders-300x300.jpg 300w, https:\/\/sfpkyrkslatt.fi\/wp-content\/uploads\/2025\/06\/Adlercreutz_Anders.jpg 725w\" sizes=\"auto, (max-width: 150px) 100vw, 150px\" \/><br \/>\n<br \/>\nAnders Adlercreutz<br \/>\nFullm\u00e4ktigeledamot<\/td><td class=\"column-2\"><img loading=\"lazy\" decoding=\"async\" src=\"https:\/\/sfpkyrkslatt.fi\/wp-content\/uploads\/2025\/04\/Aintila_Anna-2-150x150.jpg\" alt=\"\" width=\"150\" height=\"150\" class=\"alignleft size-thumbnail wp-image-2915\" srcset=\"https:\/\/sfpkyrkslatt.fi\/wp-content\/uploads\/2025\/04\/Aintila_Anna-2-150x150.jpg 150w, https:\/\/sfpkyrkslatt.fi\/wp-content\/uploads\/2025\/04\/Aintila_Anna-2-300x300.jpg 300w, https:\/\/sfpkyrkslatt.fi\/wp-content\/uploads\/2025\/04\/Aintila_Anna-2-768x768.jpg 768w, https:\/\/sfpkyrkslatt.fi\/wp-content\/uploads\/2025\/04\/Aintila_Anna-2-850x850.jpg 850w, https:\/\/sfpkyrkslatt.fi\/wp-content\/uploads\/2025\/04\/Aintila_Anna-2.jpg 952w\" sizes=\"auto, (max-width: 150px) 100vw, 150px\" \/><br \/>\n<br \/>\nAnna Aintila<br \/>\nFullm\u00e4ktigeledamot<\/td>\n<\/tr>\n<tr class=\"row-4\">\n\t<td class=\"column-1\"><img loading=\"lazy\" decoding=\"async\" src=\"https:\/\/sfpkyrkslatt.fi\/wp-content\/uploads\/2025\/06\/Frimodig_Josephine-150x150.jpg\" alt=\"\" width=\"150\" height=\"150\" class=\"alignleft size-thumbnail wp-image-2978\" srcset=\"https:\/\/sfpkyrkslatt.fi\/wp-content\/uploads\/2025\/06\/Frimodig_Josephine-150x150.jpg 150w, https:\/\/sfpkyrkslatt.fi\/wp-content\/uploads\/2025\/06\/Frimodig_Josephine-300x300.jpg 300w, https:\/\/sfpkyrkslatt.fi\/wp-content\/uploads\/2025\/06\/Frimodig_Josephine-768x768.jpg 768w, https:\/\/sfpkyrkslatt.fi\/wp-content\/uploads\/2025\/06\/Frimodig_Josephine-850x850.jpg 850w, https:\/\/sfpkyrkslatt.fi\/wp-content\/uploads\/2025\/06\/Frimodig_Josephine.jpg 864w\" sizes=\"auto, (max-width: 150px) 100vw, 150px\" \/><br \/>\n<br \/>\nJosephine Frimodig<br \/>\nFullm\u00e4ktigeledamot<\/td><td class=\"column-2\"><img loading=\"lazy\" decoding=\"async\" src=\"https:\/\/sfpkyrkslatt.fi\/wp-content\/uploads\/2025\/06\/Hedberg_Hans-150x150.jpg\" alt=\"\" width=\"150\" height=\"150\" class=\"alignleft size-thumbnail wp-image-2976\" srcset=\"https:\/\/sfpkyrkslatt.fi\/wp-content\/uploads\/2025\/06\/Hedberg_Hans-150x150.jpg 150w, https:\/\/sfpkyrkslatt.fi\/wp-content\/uploads\/2025\/06\/Hedberg_Hans-300x300.jpg 300w, https:\/\/sfpkyrkslatt.fi\/wp-content\/uploads\/2025\/06\/Hedberg_Hans-768x768.jpg 768w, https:\/\/sfpkyrkslatt.fi\/wp-content\/uploads\/2025\/06\/Hedberg_Hans.jpg 809w\" sizes=\"auto, (max-width: 150px) 100vw, 150px\" \/><br \/>\n<br \/>\nHans Hedberg<br \/>\nFullm\u00e4ktigeledamot<br \/>\n<\/td>\n<\/tr>\n<tr class=\"row-5\">\n\t<td class=\"column-1\"><img loading=\"lazy\" decoding=\"async\" src=\"https:\/\/sfpkyrkslatt.fi\/wp-content\/uploads\/2025\/06\/Kjerin_Ulf-150x150.jpg\" alt=\"\" width=\"150\" height=\"150\" class=\"alignleft size-thumbnail wp-image-2975\" srcset=\"https:\/\/sfpkyrkslatt.fi\/wp-content\/uploads\/2025\/06\/Kjerin_Ulf-150x150.jpg 150w, https:\/\/sfpkyrkslatt.fi\/wp-content\/uploads\/2025\/06\/Kjerin_Ulf-300x300.jpg 300w, https:\/\/sfpkyrkslatt.fi\/wp-content\/uploads\/2025\/06\/Kjerin_Ulf-768x768.jpg 768w, https:\/\/sfpkyrkslatt.fi\/wp-content\/uploads\/2025\/06\/Kjerin_Ulf-850x850.jpg 850w, https:\/\/sfpkyrkslatt.fi\/wp-content\/uploads\/2025\/06\/Kjerin_Ulf.jpg 871w\" sizes=\"auto, (max-width: 150px) 100vw, 150px\" \/><br \/>\n<br \/>\nUlf Kjerin<br \/>\nFullm\u00e4ktigeledamot<\/td><td class=\"column-2\"><img loading=\"lazy\" decoding=\"async\" src=\"https:\/\/sfpkyrkslatt.fi\/wp-content\/uploads\/2025\/06\/Kock_Fredrik-150x150.jpg\" alt=\"\" width=\"150\" height=\"150\" class=\"alignleft size-thumbnail wp-image-2974\" srcset=\"https:\/\/sfpkyrkslatt.fi\/wp-content\/uploads\/2025\/06\/Kock_Fredrik-150x150.jpg 150w, https:\/\/sfpkyrkslatt.fi\/wp-content\/uploads\/2025\/06\/Kock_Fredrik-300x300.jpg 300w, https:\/\/sfpkyrkslatt.fi\/wp-content\/uploads\/2025\/06\/Kock_Fredrik-768x768.jpg 768w, https:\/\/sfpkyrkslatt.fi\/wp-content\/uploads\/2025\/06\/Kock_Fredrik-850x850.jpg 850w, https:\/\/sfpkyrkslatt.fi\/wp-content\/uploads\/2025\/06\/Kock_Fredrik.jpg 901w\" sizes=\"auto, (max-width: 150px) 100vw, 150px\" \/><br \/>\n<br \/>\nFredrik Kock<br \/>\nFullm\u00e4ktigeledamot<\/td>\n<\/tr>\n<tr class=\"row-6\">\n\t<td class=\"column-1\"><img loading=\"lazy\" decoding=\"async\" src=\"https:\/\/sfpkyrkslatt.fi\/wp-content\/uploads\/2025\/06\/Korkman_Nadia-3-150x150.jpg\" alt=\"\" width=\"150\" height=\"150\" class=\"alignleft size-thumbnail wp-image-2988\" srcset=\"https:\/\/sfpkyrkslatt.fi\/wp-content\/uploads\/2025\/06\/Korkman_Nadia-3-150x150.jpg 150w, https:\/\/sfpkyrkslatt.fi\/wp-content\/uploads\/2025\/06\/Korkman_Nadia-3-300x300.jpg 300w, https:\/\/sfpkyrkslatt.fi\/wp-content\/uploads\/2025\/06\/Korkman_Nadia-3.jpg 675w\" sizes=\"auto, (max-width: 150px) 100vw, 150px\" \/><br \/>\n<br \/>\nNadia Korkman<br \/>\nFullm\u00e4ktigeledamot<\/td><td class=\"column-2\"><img loading=\"lazy\" decoding=\"async\" src=\"https:\/\/sfpkyrkslatt.fi\/wp-content\/uploads\/2025\/06\/Valtonen_Martin-150x150.jpg\" alt=\"\" width=\"150\" height=\"150\" class=\"alignleft size-thumbnail wp-image-2972\" srcset=\"https:\/\/sfpkyrkslatt.fi\/wp-content\/uploads\/2025\/06\/Valtonen_Martin-150x150.jpg 150w, https:\/\/sfpkyrkslatt.fi\/wp-content\/uploads\/2025\/06\/Valtonen_Martin-300x300.jpg 300w, https:\/\/sfpkyrkslatt.fi\/wp-content\/uploads\/2025\/06\/Valtonen_Martin-768x768.jpg 768w, https:\/\/sfpkyrkslatt.fi\/wp-content\/uploads\/2025\/06\/Valtonen_Martin-850x850.jpg 850w, https:\/\/sfpkyrkslatt.fi\/wp-content\/uploads\/2025\/06\/Valtonen_Martin.jpg 907w\" sizes=\"auto, (max-width: 150px) 100vw, 150px\" \/><br \/>\n<br \/>\nMartin Valtonen<br \/>\nFullm\u00e4ktigeledamot<\/td>\n<\/tr>\n<tr class=\"row-7\">\n\t<td class=\"column-1\"><img loading=\"lazy\" decoding=\"async\" src=\"https:\/\/sfpkyrkslatt.fi\/wp-content\/uploads\/2025\/06\/Vasenius_Thomas-150x150.jpg\" alt=\"\" width=\"150\" height=\"150\" class=\"alignleft size-thumbnail wp-image-2971\" srcset=\"https:\/\/sfpkyrkslatt.fi\/wp-content\/uploads\/2025\/06\/Vasenius_Thomas-150x150.jpg 150w, https:\/\/sfpkyrkslatt.fi\/wp-content\/uploads\/2025\/06\/Vasenius_Thomas-300x300.jpg 300w, https:\/\/sfpkyrkslatt.fi\/wp-content\/uploads\/2025\/06\/Vasenius_Thomas-768x768.jpg 768w, https:\/\/sfpkyrkslatt.fi\/wp-content\/uploads\/2025\/06\/Vasenius_Thomas.jpg 779w\" sizes=\"auto, (max-width: 150px) 100vw, 150px\" \/><br \/>\n<br \/>\nThomas Vasenius<br \/>\nFullm\u00e4ktigeledamot<\/td><td class=\"column-2\"><\/td>\n<\/tr>\n<tr class=\"row-8\">\n\t<td class=\"column-1\"><img loading=\"lazy\" decoding=\"async\" src=\"https:\/\/sfpkyrkslatt.fi\/wp-content\/uploads\/2025\/06\/Basilier_Linda-3-150x150.jpg\" alt=\"\" width=\"150\" height=\"150\" class=\"alignleft size-thumbnail wp-image-2995\" srcset=\"https:\/\/sfpkyrkslatt.fi\/wp-content\/uploads\/2025\/06\/Basilier_Linda-3-150x150.jpg 150w, https:\/\/sfpkyrkslatt.fi\/wp-content\/uploads\/2025\/06\/Basilier_Linda-3-300x298.jpg 300w, https:\/\/sfpkyrkslatt.fi\/wp-content\/uploads\/2025\/06\/Basilier_Linda-3-768x763.jpg 768w, https:\/\/sfpkyrkslatt.fi\/wp-content\/uploads\/2025\/06\/Basilier_Linda-3.jpg 825w\" sizes=\"auto, (max-width: 150px) 100vw, 150px\" \/><br \/>\n<br \/>\nLinda Basilier<br \/>\n1. suppleant<\/td><td class=\"column-2\"><img loading=\"lazy\" decoding=\"async\" src=\"https:\/\/sfpkyrkslatt.fi\/wp-content\/uploads\/2025\/06\/Dannback_Jessica-150x150.jpg\" alt=\"\" width=\"150\" height=\"150\" class=\"alignleft size-thumbnail wp-image-2984\" srcset=\"https:\/\/sfpkyrkslatt.fi\/wp-content\/uploads\/2025\/06\/Dannback_Jessica-150x150.jpg 150w, https:\/\/sfpkyrkslatt.fi\/wp-content\/uploads\/2025\/06\/Dannback_Jessica-300x300.jpg 300w, https:\/\/sfpkyrkslatt.fi\/wp-content\/uploads\/2025\/06\/Dannback_Jessica.jpg 696w\" sizes=\"auto, (max-width: 150px) 100vw, 150px\" \/><br \/>\n<br \/>\nJessica Dannb\u00e4ck<br \/>\n2. suppleant<\/td>\n<\/tr>\n<tr class=\"row-9\">\n\t<td class=\"column-1\"><img loading=\"lazy\" decoding=\"async\" src=\"https:\/\/sfpkyrkslatt.fi\/wp-content\/uploads\/2025\/06\/Bjorkqvist_Matilda-150x150.jpg\" alt=\"\" width=\"150\" height=\"150\" class=\"alignleft size-thumbnail wp-image-2985\" srcset=\"https:\/\/sfpkyrkslatt.fi\/wp-content\/uploads\/2025\/06\/Bjorkqvist_Matilda-150x150.jpg 150w, https:\/\/sfpkyrkslatt.fi\/wp-content\/uploads\/2025\/06\/Bjorkqvist_Matilda-300x300.jpg 300w, https:\/\/sfpkyrkslatt.fi\/wp-content\/uploads\/2025\/06\/Bjorkqvist_Matilda-768x768.jpg 768w, https:\/\/sfpkyrkslatt.fi\/wp-content\/uploads\/2025\/06\/Bjorkqvist_Matilda-850x850.jpg 850w, https:\/\/sfpkyrkslatt.fi\/wp-content\/uploads\/2025\/06\/Bjorkqvist_Matilda.jpg 945w\" sizes=\"auto, (max-width: 150px) 100vw, 150px\" \/><br \/>\n<br \/>\nMatilda Bj\u00f6rkqvist<br \/>\n3. suppleant<\/td><td class=\"column-2\"><img loading=\"lazy\" decoding=\"async\" src=\"https:\/\/sfpkyrkslatt.fi\/wp-content\/uploads\/2025\/06\/Eriksson_Annika-150x150.jpg\" alt=\"\" width=\"150\" height=\"150\" class=\"alignleft size-thumbnail wp-image-2983\" srcset=\"https:\/\/sfpkyrkslatt.fi\/wp-content\/uploads\/2025\/06\/Eriksson_Annika-150x150.jpg 150w, https:\/\/sfpkyrkslatt.fi\/wp-content\/uploads\/2025\/06\/Eriksson_Annika-300x300.jpg 300w, https:\/\/sfpkyrkslatt.fi\/wp-content\/uploads\/2025\/06\/Eriksson_Annika-1024x1024.jpg 1024w, https:\/\/sfpkyrkslatt.fi\/wp-content\/uploads\/2025\/06\/Eriksson_Annika-768x768.jpg 768w, https:\/\/sfpkyrkslatt.fi\/wp-content\/uploads\/2025\/06\/Eriksson_Annika-850x850.jpg 850w, https:\/\/sfpkyrkslatt.fi\/wp-content\/uploads\/2025\/06\/Eriksson_Annika.jpg 1179w\" sizes=\"auto, (max-width: 150px) 100vw, 150px\" \/><br \/>\n<br \/>\nAnnika Eriksson<br \/>\n4. suppleant<\/td>\n<\/tr>\n<tr class=\"row-10\">\n\t<td class=\"column-1\"><img loading=\"lazy\" decoding=\"async\" src=\"https:\/\/sfpkyrkslatt.fi\/wp-content\/uploads\/2025\/06\/Gustafsson_Stefan-150x150.jpg\" alt=\"\" width=\"150\" height=\"150\" class=\"alignleft size-thumbnail wp-image-2977\" srcset=\"https:\/\/sfpkyrkslatt.fi\/wp-content\/uploads\/2025\/06\/Gustafsson_Stefan-150x150.jpg 150w, https:\/\/sfpkyrkslatt.fi\/wp-content\/uploads\/2025\/06\/Gustafsson_Stefan-300x300.jpg 300w, https:\/\/sfpkyrkslatt.fi\/wp-content\/uploads\/2025\/06\/Gustafsson_Stefan-768x768.jpg 768w, https:\/\/sfpkyrkslatt.fi\/wp-content\/uploads\/2025\/06\/Gustafsson_Stefan-850x850.jpg 850w, https:\/\/sfpkyrkslatt.fi\/wp-content\/uploads\/2025\/06\/Gustafsson_Stefan.jpg 890w\" sizes=\"auto, (max-width: 150px) 100vw, 150px\" \/><br \/>\n<br \/>\nStefan Gustafsson<br \/>\n5. suppleant<\/td><td class=\"column-2\"><\/td>\n<\/tr>\n<\/tbody>\n<\/table>\n<!-- #tablepress-18 from cache -->\n\n\n\n<p class=\"has-text-align-center\"><strong>F\u00f6lj oss p\u00e5 Facebook<\/strong>: <a href=\"https:\/\/www.facebook.com\/SFPiKyrkslatt\/\" target=\"_blank\" rel=\"noreferrer noopener\">https:\/\/www.facebook.com\/SFPiKyrkslatt\/<\/a> <strong>och p\u00e5 Instagram<\/strong> <a href=\"https:\/\/www.instagram.com\/sfp_kyrkslatt\/?hl=fi\">https:\/\/www.instagram.com\/sfp_kyrkslatt\/?hl=fi<\/a><\/p>\n\n\n<div class=\"wp-block-image\">\n<figure class=\"aligncenter size-large is-resized\"><img loading=\"lazy\" decoding=\"async\" width=\"1024\" height=\"302\" src=\"https:\/\/sfpkyrkslatt.fi\/wp-content\/uploads\/2020\/05\/Kyrkslatt1-1-1024x302.png\" alt=\"\" class=\"wp-image-2666\" style=\"width:222px;height:auto\" srcset=\"https:\/\/sfpkyrkslatt.fi\/wp-content\/uploads\/2020\/05\/Kyrkslatt1-1-1024x302.png 1024w, https:\/\/sfpkyrkslatt.fi\/wp-content\/uploads\/2020\/05\/Kyrkslatt1-1-300x88.png 300w, https:\/\/sfpkyrkslatt.fi\/wp-content\/uploads\/2020\/05\/Kyrkslatt1-1-768x226.png 768w, https:\/\/sfpkyrkslatt.fi\/wp-content\/uploads\/2020\/05\/Kyrkslatt1-1-850x250.png 850w, https:\/\/sfpkyrkslatt.fi\/wp-content\/uploads\/2020\/05\/Kyrkslatt1-1.png 1181w\" sizes=\"auto, (max-width: 1024px) 100vw, 1024px\" \/><\/figure>\n<\/div>","protected":false},"excerpt":{"rendered":"<p>P\u00e5 Kyrksl\u00e4tts kommuns n\u00e4tsidor skildras n\u00e4rmare om kommunfullm\u00e4ktiges uppgifter. D\u00e4r skrivs: &#8221;Finland \u00e4r indelat i kommuner, som enligt grundlagen har sj\u00e4lvstyrelse. I kommunalvalet v\u00e4ljer kommuninv\u00e5narna medlemmarna till kommunens h\u00f6gsta organ, fullm\u00e4ktige. Fullm\u00e4ktige har allm\u00e4n beslutander\u00e4tt i \u00e4renden som \u00e4r gemensamma f\u00f6r kommuninv\u00e5narna. Fullm\u00e4ktige ansvarar f\u00f6r kommunens verksamhet och ekonomi samt beslutar om servicen f\u00f6r kommuninv\u00e5narna&#8230;.<\/p>\n","protected":false},"author":3,"featured_media":0,"parent":0,"menu_order":0,"comment_status":"closed","ping_status":"closed","template":"","meta":{"footnotes":""},"class_list":["post-22","page","type-page","status-publish","hentry"],"jetpack_sharing_enabled":true,"_links":{"self":[{"href":"https:\/\/sfpkyrkslatt.fi\/index.php\/wp-json\/wp\/v2\/pages\/22","targetHints":{"allow":["GET"]}}],"collection":[{"href":"https:\/\/sfpkyrkslatt.fi\/index.php\/wp-json\/wp\/v2\/pages"}],"about":[{"href":"https:\/\/sfpkyrkslatt.fi\/index.php\/wp-json\/wp\/v2\/types\/page"}],"author":[{"embeddable":true,"href":"https:\/\/sfpkyrkslatt.fi\/index.php\/wp-json\/wp\/v2\/users\/3"}],"replies":[{"embeddable":true,"href":"https:\/\/sfpkyrkslatt.fi\/index.php\/wp-json\/wp\/v2\/comments?post=22"}],"version-history":[{"count":24,"href":"https:\/\/sfpkyrkslatt.fi\/index.php\/wp-json\/wp\/v2\/pages\/22\/revisions"}],"predecessor-version":[{"id":2990,"href":"https:\/\/sfpkyrkslatt.fi\/index.php\/wp-json\/wp\/v2\/pages\/22\/revisions\/2990"}],"wp:attachment":[{"href":"https:\/\/sfpkyrkslatt.fi\/index.php\/wp-json\/wp\/v2\/media?parent=22"}],"curies":[{"name":"wp","href":"https:\/\/api.w.org\/{rel}","templated":true}]}}