{"id":24,"date":"2013-03-14T11:26:35","date_gmt":"2013-03-14T09:26:35","guid":{"rendered":"http:\/\/protosfp.wordpress.com\/?page_id=16"},"modified":"2021-02-28T17:06:03","modified_gmt":"2021-02-28T15:06:03","slug":"bli-medlem","status":"publish","type":"page","link":"https:\/\/sfpkyrkslatt.fi\/index.php\/bli-medlem\/","title":{"rendered":"Kontakta oss"},"content":{"rendered":"<h1 style=\"text-align: left;\"><b>Aktiv medlem eller underst\u00f6dande medlem &#8211; valet \u00e4r ditt!<\/b><\/h1>\n<p>Vi hoppas att f\u00e5 just dig som medlem. K\u00e4nner du vilja att p\u00e5verka i samh\u00e4llet, har du en spirande entusiasm f\u00f6r politiska \u00e4renden och ett nyfiket sinne \u00e4r du hj\u00e4rtligt v\u00e4lkommen med!<\/p>\n<p>Du kan v\u00e4lja mellan att ta del i verksamheten inom SFP antingen som aktiv medlem eller underst\u00f6dande medlem. N\u00e4rmare information f\u00e5r du genom att kontakta lokalavdelningen f\u00f6r ditt omr\u00e5de, Kommunorganisationen eller n\u00e5gon du k\u00e4nner inom SFP.<\/p>\n<p>Medlemsans\u00f6kan finns att hitta under <a href=\"http:\/\/www.sfp.fi\/sv\/content\/bli-medlem-i-sfp\">l\u00e4nken h\u00e4r<\/a>. Har du fr\u00e5gor ang\u00e5ende denna \u00e4r du v\u00e4lkommen att kontakta oss f\u00f6r n\u00e4rmare info.<\/p>\n\n\n<hr class=\"wp-block-separator\"\/>\n\n\n<header class=\"entry-header\">\n<h1 class=\"entry-title\" style=\"text-align: left;\">Kontakt<\/h1>\n<\/header>\n<div class=\"entry-content\">\n<p style=\"text-align: left;\">Har du fr\u00e5gor om v\u00e5r verksamhet? Har du \u00f6nskem\u00e5l eller \u00e5sikter? Vill du veta mera?<\/p>\n<p style=\"text-align: left;\">Vi svarar mer \u00e4n g\u00e4rna p\u00e5 dina fr\u00e5gor, s\u00e5 tveka inte att kontakta oss. Kontaktuppgifter finns att hitta nedan f\u00f6r s\u00e5v\u00e4l SFP i Finland som huvudorganisationen i Kyrksl\u00e4tt.<\/p>\n<h3 style=\"text-align: left;\">SFP i Finland<\/h3>\n<p style=\"text-align: left;\"><b>Postadressen \u00e4r<\/b> PB 430, 00101 Helsingfors<\/p>\n<p style=\"text-align: left;\"><b>Bes\u00f6kadressen \u00e4r<\/b> Simonsgatan 8 A, 00100 Helsingfors<\/p>\n<p style=\"text-align: left;\"><b>Telefonnummer<\/b> 09-693 070<\/p>\n<p style=\"text-align: left;\"><b>E-postadress<\/b> info[at]sfp.fi<\/p>\n<hr \/>\n<h3 style=\"text-align: left;\">SFP i Kyrksl\u00e4tt<\/h3>\n<p style=\"text-align: left;\"><b>E-postadress:<\/b> info[at]sfpkyrkslatt.fi<\/p>\n<\/div>\n\n\n<p class=\"has-text-align-center\"><strong>F\u00f6lj oss p\u00e5 Facebook<\/strong>: <a href=\"https:\/\/www.facebook.com\/SFPiKyrkslatt\/\" target=\"_blank\" rel=\"noreferrer noopener\">https:\/\/www.facebook.com\/SFPiKyrkslatt\/<\/a> <strong>och p\u00e5 Instagram<\/strong> <a href=\"https:\/\/www.instagram.com\/sfp_kyrkslatt\/?hl=fi\">https:\/\/www.instagram.com\/sfp_kyrkslatt\/?hl=fi<\/a><\/p>\n\n\n<div class=\"wp-block-image\">\n<figure class=\"aligncenter size-large is-resized\"><img loading=\"lazy\" decoding=\"async\" width=\"1024\" height=\"302\" src=\"https:\/\/sfpkyrkslatt.fi\/wp-content\/uploads\/2020\/05\/Kyrkslatt1-1-1024x302.png\" alt=\"\" class=\"wp-image-2666\" style=\"width:222px;height:auto\" srcset=\"https:\/\/sfpkyrkslatt.fi\/wp-content\/uploads\/2020\/05\/Kyrkslatt1-1-1024x302.png 1024w, https:\/\/sfpkyrkslatt.fi\/wp-content\/uploads\/2020\/05\/Kyrkslatt1-1-300x88.png 300w, https:\/\/sfpkyrkslatt.fi\/wp-content\/uploads\/2020\/05\/Kyrkslatt1-1-768x226.png 768w, https:\/\/sfpkyrkslatt.fi\/wp-content\/uploads\/2020\/05\/Kyrkslatt1-1-850x250.png 850w, https:\/\/sfpkyrkslatt.fi\/wp-content\/uploads\/2020\/05\/Kyrkslatt1-1.png 1181w\" sizes=\"auto, (max-width: 1024px) 100vw, 1024px\" \/><\/figure>\n<\/div>\n\n\n<ul class=\"wp-block-social-links alignleft is-layout-flex wp-block-social-links-is-layout-flex\">\n\n<li class=\"wp-social-link wp-social-link-facebook  wp-block-social-link\"><a href=\"https:\/\/www.facebook.com\/SFPiKyrkslatt\/\" class=\"wp-block-social-link-anchor\"><svg width=\"24\" height=\"24\" viewBox=\"0 0 24 24\" version=\"1.1\" xmlns=\"http:\/\/www.w3.org\/2000\/svg\" aria-hidden=\"true\" focusable=\"false\"><path d=\"M12 2C6.5 2 2 6.5 2 12c0 5 3.7 9.1 8.4 9.9v-7H7.9V12h2.5V9.8c0-2.5 1.5-3.9 3.8-3.9 1.1 0 2.2.2 2.2.2v2.5h-1.3c-1.2 0-1.6.8-1.6 1.6V12h2.8l-.4 2.9h-2.3v7C18.3 21.1 22 17 22 12c0-5.5-4.5-10-10-10z\"><\/path><\/svg><span class=\"wp-block-social-link-label screen-reader-text\">Facebook<\/span><\/a><\/li>\n\n\n\n\n\n<li class=\"wp-social-link wp-social-link-linkedin  wp-block-social-link\"><a href=\"https:\/\/www.instagram.com\/sfp_kyrkslatt\/?hl=fi\" class=\"wp-block-social-link-anchor\"><svg width=\"24\" height=\"24\" viewBox=\"0 0 24 24\" version=\"1.1\" xmlns=\"http:\/\/www.w3.org\/2000\/svg\" aria-hidden=\"true\" focusable=\"false\"><path d=\"M19.7,3H4.3C3.582,3,3,3.582,3,4.3v15.4C3,20.418,3.582,21,4.3,21h15.4c0.718,0,1.3-0.582,1.3-1.3V4.3 C21,3.582,20.418,3,19.7,3z M8.339,18.338H5.667v-8.59h2.672V18.338z M7.004,8.574c-0.857,0-1.549-0.694-1.549-1.548 c0-0.855,0.691-1.548,1.549-1.548c0.854,0,1.547,0.694,1.547,1.548C8.551,7.881,7.858,8.574,7.004,8.574z M18.339,18.338h-2.669 v-4.177c0-0.996-0.017-2.278-1.387-2.278c-1.389,0-1.601,1.086-1.601,2.206v4.249h-2.667v-8.59h2.559v1.174h0.037 c0.356-0.675,1.227-1.387,2.526-1.387c2.703,0,3.203,1.779,3.203,4.092V18.338z\"><\/path><\/svg><span class=\"wp-block-social-link-label screen-reader-text\">LinkedIn<\/span><\/a><\/li>\n\n<\/ul>\n\n\n\n<p class=\"has-text-align-left\"><\/p>\n","protected":false},"excerpt":{"rendered":"<p>Aktiv medlem eller underst\u00f6dande medlem &#8211; valet \u00e4r ditt! Vi hoppas att f\u00e5 just dig som medlem. K\u00e4nner du vilja att p\u00e5verka i samh\u00e4llet, har du en spirande entusiasm f\u00f6r politiska \u00e4renden och ett nyfiket sinne \u00e4r du hj\u00e4rtligt v\u00e4lkommen med! Du kan v\u00e4lja mellan att ta del i verksamheten inom SFP antingen som aktiv&#8230;<\/p>\n","protected":false},"author":3,"featured_media":0,"parent":0,"menu_order":0,"comment_status":"closed","ping_status":"closed","template":"","meta":{"footnotes":""},"class_list":["post-24","page","type-page","status-publish","hentry"],"jetpack_sharing_enabled":true,"_links":{"self":[{"href":"https:\/\/sfpkyrkslatt.fi\/index.php\/wp-json\/wp\/v2\/pages\/24","targetHints":{"allow":["GET"]}}],"collection":[{"href":"https:\/\/sfpkyrkslatt.fi\/index.php\/wp-json\/wp\/v2\/pages"}],"about":[{"href":"https:\/\/sfpkyrkslatt.fi\/index.php\/wp-json\/wp\/v2\/types\/page"}],"author":[{"embeddable":true,"href":"https:\/\/sfpkyrkslatt.fi\/index.php\/wp-json\/wp\/v2\/users\/3"}],"replies":[{"embeddable":true,"href":"https:\/\/sfpkyrkslatt.fi\/index.php\/wp-json\/wp\/v2\/comments?post=24"}],"version-history":[{"count":33,"href":"https:\/\/sfpkyrkslatt.fi\/index.php\/wp-json\/wp\/v2\/pages\/24\/revisions"}],"predecessor-version":[{"id":1441,"href":"https:\/\/sfpkyrkslatt.fi\/index.php\/wp-json\/wp\/v2\/pages\/24\/revisions\/1441"}],"wp:attachment":[{"href":"https:\/\/sfpkyrkslatt.fi\/index.php\/wp-json\/wp\/v2\/media?parent=24"}],"curies":[{"name":"wp","href":"https:\/\/api.w.org\/{rel}","templated":true}]}}