{"id":2634,"date":"2024-11-20T10:21:06","date_gmt":"2024-11-20T08:21:06","guid":{"rendered":"https:\/\/sfpkyrkslatt.fi\/?page_id=2634"},"modified":"2025-04-22T20:51:50","modified_gmt":"2025-04-22T18:51:50","slug":"kommunalval-2025","status":"publish","type":"page","link":"https:\/\/sfpkyrkslatt.fi\/index.php\/kommunalval-2025\/","title":{"rendered":"Kommunalval 2025"},"content":{"rendered":"<p>V\u00e5ren 2025 var det kommunalval. Det var sp\u00e4nnande tider, kreativiteten fl\u00f6dade f\u00f6r alla kommuninv\u00e5narnas b\u00e4sta. F\u00f6r det framtida Kyrksl\u00e4tt, f\u00f6r p\u00e4rlan i Nyland. Tillsammans arbetade vi och arbetar \u00e4nnu f\u00f6r en b\u00e4ttre vardag, tillsammans \u00e4r vi starka. Vi alla inom SFP i Kyrksl\u00e4tt hoppas s\u00e5 hj\u00e4rtligt att \u00e4ven du kommer med i verksamheten!<\/p>\n<p><span style=\"color: initial;\">SFP presenterade 42 fina kandidater till kommunalvalet 2025 i Kyrksl\u00e4tt: <\/span><span style=\"color: initial;\">Anders Adlercreutz, Anna Aintila, Ann-Britt Romar, Ann-Christine Sved, Annika Eriksson, Ann-Marie Rosenqvist-Berg, Fredrik Kock, Greger Englund, Hans Ahlstr\u00f6m, Hans Hedberg, Himansu Mishra, Jan Lydman, Janina R\u00f6nnberg, Jenny M\u00e4kinen, Jerri K\u00e4mpe-Hellenius, Jessica Dannb\u00e4ck, Joel Fr\u00e4mling, Johnny Sved, Josephine Frimodig, Kaj Sj\u00f6blom, Kim Liljequist, Linda Basilier, Maj \u00c5berg-Hild\u00e9n, Martin Valtonen, Matilda Bj\u00f6rkqvist, Merja Tarkiainen, Mikael Heinrichs, Nadia Korkman, Oliver Lundqvist, Patrik Lundell, Pekka Mutanen, Peter Sundelin, Petra Ekberg-Kontula, Pia Furu, Rasmus Bergfolk, Siv Ahlberg, Stefan Gustafsson, Stephen Cole, Thomas Vasenius, Tony Bj\u00f6rk, Ulf Kjerin, Yuliia Tolonen. <a href=\"https:\/\/sfpkyrkslatt.fi\/index.php\/kommunalvalskandidater-2025\/\">Bilder p\u00e5 kandidaterna hittar du h\u00e4r.<\/a><\/span><\/p>\n<p><strong>SFP i Kyrksl\u00e4tts lokala kommunalvalsprogram kan <a href=\"https:\/\/sfpkyrkslatt.fi\/wp-content\/uploads\/2025\/02\/Kommunalvalsprogram-SFP-i-Kyrkslatt-2025.pdf\">l\u00e4sas h\u00e4r<\/a>.<\/strong><\/p>\n<p><img loading=\"lazy\" decoding=\"async\" class=\"aligncenter wp-image-2683 size-medium\" src=\"https:\/\/sfpkyrkslatt.fi\/wp-content\/uploads\/2025\/02\/Logo-orig2-300x122.png\" alt=\"\" width=\"300\" height=\"122\" srcset=\"https:\/\/sfpkyrkslatt.fi\/wp-content\/uploads\/2025\/02\/Logo-orig2-300x122.png 300w, https:\/\/sfpkyrkslatt.fi\/wp-content\/uploads\/2025\/02\/Logo-orig2-1024x415.png 1024w, https:\/\/sfpkyrkslatt.fi\/wp-content\/uploads\/2025\/02\/Logo-orig2-768x311.png 768w, https:\/\/sfpkyrkslatt.fi\/wp-content\/uploads\/2025\/02\/Logo-orig2-1536x623.png 1536w, https:\/\/sfpkyrkslatt.fi\/wp-content\/uploads\/2025\/02\/Logo-orig2-850x344.png 850w, https:\/\/sfpkyrkslatt.fi\/wp-content\/uploads\/2025\/02\/Logo-orig2.png 2048w\" sizes=\"auto, (max-width: 300px) 100vw, 300px\" \/><\/p>\n<h2>SFP I KYRKSL\u00c4TTS VALPROGRAM 2025<\/h2>\n<p>Vi \u00e4r stolta \u00f6ver v\u00e5rt valprogram f\u00f6r kommunalvalet 2025. Detta baserar sig p\u00e5 det <a href=\"https:\/\/sfp.fi\/politik\/beslut-politiska-program\/sfps-kommunalvalsprogram-2021\/\">nationella SFP-valprogrammet<\/a>, vilket sedan v\u00e5ra kandidater i Kyrksl\u00e4tt varit med om att skissa upp f\u00f6r v\u00e5r kommun. Nedan ser du programmet i ett n\u00f6tskal.<\/p>\n<ul>\n<li style=\"text-align: left;\">\n<h4><span style=\"text-decoration: underline;\"><strong>VISION 1<\/strong><\/span> &#8211; V\u00e5rt Kyrksl\u00e4tt \u00e4r p\u00e4rlan i Nyland. Ett unikt och inspirerande hem f\u00f6r alla (<a href=\"https:\/\/sfpkyrkslatt.fi\/wp-content\/uploads\/2025\/02\/Vision-1.pdf\">l\u00e4s h\u00e4r<\/a>).\u00a0<\/h4>\n<\/li>\n<li style=\"text-align: left;\">\n<h4><span style=\"text-decoration: underline;\"><strong>VISION 2<\/strong><\/span> &#8211; V\u00e5rt Kyrksl\u00e4tt \u00e4r en tv\u00e5spr\u00e5kig klimatsmart kommun med m\u00e5ngsidiga sportm\u00f6jligheter och ett meningsfullt kulturellt utbud f\u00f6r m\u00e4nniskor i alla \u00e5ldrar (<a href=\"https:\/\/sfpkyrkslatt.fi\/wp-content\/uploads\/2025\/02\/Vision-2.pdf\">l\u00e4s h\u00e4r<\/a>).\u00a0<\/h4>\n<\/li>\n<li style=\"text-align: left;\">\n<h4><span style=\"text-decoration: underline;\"><strong>VISION 3<\/strong><\/span> &#8211; V\u00e5rt Kyrksl\u00e4tt best\u00e5r av n\u00f6jda kommuninv\u00e5nare. H\u00e4r skall s\u00e5v\u00e4l unga som \u00e4ldre skall kunna k\u00e4nna sig trygga, vilja bo och \u00e5ldras. Ingen skall l\u00e4mnas ensam (<a href=\"https:\/\/sfpkyrkslatt.fi\/wp-content\/uploads\/2025\/02\/Vision-3.pdf\">l\u00e4s h\u00e4r<\/a>).\u00a0<\/h4>\n<\/li>\n<li style=\"text-align: left;\">\n<h4><span style=\"text-decoration: underline;\"><strong>VISION 4<\/strong><\/span> &#8211; V\u00e5rt Kyrksl\u00e4tt best\u00e5r av flera tillv\u00e4xtcentrum som skall frodas sida vid sida. Ett v\u00e4lfungerande trafikn\u00e4t med vettig kollektivtrafik skall finnas till (<a href=\"https:\/\/sfpkyrkslatt.fi\/wp-content\/uploads\/2025\/02\/Vision-4.pdf\">l\u00e4s h\u00e4r<\/a>).<\/h4>\n<\/li>\n<li style=\"text-align: left;\">\n<h4><span style=\"text-decoration: underline;\"><strong>VISION 5<\/strong><\/span> &#8211; V\u00e5rt Kyrksl\u00e4tt skall aktivt locka f\u00f6retagare och arbetsplatser skall skapas n\u00e4ra hemmen (<a href=\"https:\/\/sfpkyrkslatt.fi\/wp-content\/uploads\/2025\/02\/Vision-5.pdf\">l\u00e4s h\u00e4r<\/a>).<\/h4>\n<\/li>\n<\/ul>\n<p>H\u00e4r kan du l\u00e4sa <a href=\"https:\/\/sfpkyrkslatt.fi\/wp-content\/uploads\/2025\/02\/Kommunalvalsprogram-SFP-i-Kyrkslatt-2025.pdf\">l\u00e5nga versionen av SFP i Kyrksl\u00e4tts valprogram<\/a> som pdf, och vill du spara tid finns h\u00e4r <a href=\"https:\/\/sfpkyrkslatt.fi\/wp-content\/uploads\/2025\/02\/Kort-valprogram-SFP-i-Kyrkslatt-2025-SWE.pdf\">ett tv\u00e5sidors sammandrag<\/a> att hitta.<\/p>\n<ul>\n<li><a href=\"https:\/\/sfpkyrkslatt.fi\/wp-content\/uploads\/2025\/02\/Kunnallisvaaliohjelma-RKP-Kirkkonummi-2025.pdf\">RKP:n suomenkielinen kunnallisvaaliohjelma l\u00f6ytyy t\u00e4\u00e4lt\u00e4<\/a>.<\/li>\n<li><a href=\"https:\/\/sfpkyrkslatt.fi\/wp-content\/uploads\/2025\/02\/Kort-valprogram-SFP-i-Kyrkslatt-2025-ENG.pdf\">The English version of SFP&#8217;s can be read here<\/a>.\u00a0<\/li>\n<\/ul>\n\n\n<p class=\"has-text-align-center\"><strong>F\u00f6lj oss p\u00e5 Facebook<\/strong>: <a href=\"https:\/\/www.facebook.com\/SFPiKyrkslatt\/\" target=\"_blank\" rel=\"noreferrer noopener\">https:\/\/www.facebook.com\/SFPiKyrkslatt\/<\/a> <strong>och p\u00e5 Instagram<\/strong> <a href=\"https:\/\/www.instagram.com\/sfp_kyrkslatt\/?hl=fi\">https:\/\/www.instagram.com\/sfp_kyrkslatt\/?hl=fi<\/a><\/p>\n\n\n<div class=\"wp-block-image\">\n<figure class=\"aligncenter size-large is-resized\"><img loading=\"lazy\" decoding=\"async\" width=\"1024\" height=\"302\" src=\"https:\/\/sfpkyrkslatt.fi\/wp-content\/uploads\/2020\/05\/Kyrkslatt1-1-1024x302.png\" alt=\"\" class=\"wp-image-2666\" style=\"width:222px;height:auto\" srcset=\"https:\/\/sfpkyrkslatt.fi\/wp-content\/uploads\/2020\/05\/Kyrkslatt1-1-1024x302.png 1024w, https:\/\/sfpkyrkslatt.fi\/wp-content\/uploads\/2020\/05\/Kyrkslatt1-1-300x88.png 300w, https:\/\/sfpkyrkslatt.fi\/wp-content\/uploads\/2020\/05\/Kyrkslatt1-1-768x226.png 768w, https:\/\/sfpkyrkslatt.fi\/wp-content\/uploads\/2020\/05\/Kyrkslatt1-1-850x250.png 850w, https:\/\/sfpkyrkslatt.fi\/wp-content\/uploads\/2020\/05\/Kyrkslatt1-1.png 1181w\" sizes=\"auto, (max-width: 1024px) 100vw, 1024px\" \/><\/figure>\n<\/div>","protected":false},"excerpt":{"rendered":"<p>V\u00e5ren 2025 var det kommunalval. Det var sp\u00e4nnande tider, kreativiteten fl\u00f6dade f\u00f6r alla kommuninv\u00e5narnas b\u00e4sta. F\u00f6r det framtida Kyrksl\u00e4tt, f\u00f6r p\u00e4rlan i Nyland. Tillsammans arbetade vi och arbetar \u00e4nnu f\u00f6r en b\u00e4ttre vardag, tillsammans \u00e4r vi starka. Vi alla inom SFP i Kyrksl\u00e4tt hoppas s\u00e5 hj\u00e4rtligt att \u00e4ven du kommer med i verksamheten! SFP presenterade&#8230;<\/p>\n","protected":false},"author":4,"featured_media":0,"parent":0,"menu_order":0,"comment_status":"closed","ping_status":"closed","template":"","meta":{"footnotes":""},"class_list":["post-2634","page","type-page","status-publish","hentry"],"jetpack_sharing_enabled":true,"_links":{"self":[{"href":"https:\/\/sfpkyrkslatt.fi\/index.php\/wp-json\/wp\/v2\/pages\/2634","targetHints":{"allow":["GET"]}}],"collection":[{"href":"https:\/\/sfpkyrkslatt.fi\/index.php\/wp-json\/wp\/v2\/pages"}],"about":[{"href":"https:\/\/sfpkyrkslatt.fi\/index.php\/wp-json\/wp\/v2\/types\/page"}],"author":[{"embeddable":true,"href":"https:\/\/sfpkyrkslatt.fi\/index.php\/wp-json\/wp\/v2\/users\/4"}],"replies":[{"embeddable":true,"href":"https:\/\/sfpkyrkslatt.fi\/index.php\/wp-json\/wp\/v2\/comments?post=2634"}],"version-history":[{"count":42,"href":"https:\/\/sfpkyrkslatt.fi\/index.php\/wp-json\/wp\/v2\/pages\/2634\/revisions"}],"predecessor-version":[{"id":2945,"href":"https:\/\/sfpkyrkslatt.fi\/index.php\/wp-json\/wp\/v2\/pages\/2634\/revisions\/2945"}],"wp:attachment":[{"href":"https:\/\/sfpkyrkslatt.fi\/index.php\/wp-json\/wp\/v2\/media?parent=2634"}],"curies":[{"name":"wp","href":"https:\/\/api.w.org\/{rel}","templated":true}]}}