{"id":92,"date":"2016-09-26T18:13:32","date_gmt":"2016-09-26T16:13:32","guid":{"rendered":"https:\/\/protosfp.wordpress.com\/?page_id=92"},"modified":"2020-05-18T08:33:01","modified_gmt":"2020-05-18T06:33:01","slug":"kontakta-sfp","status":"publish","type":"page","link":"https:\/\/sfpkyrkslatt.fi\/index.php\/kontakta-sfp\/","title":{"rendered":"Kontakt"},"content":{"rendered":"<p>Har du fr\u00e5gor om v\u00e5r verksamhet? Vill du bli medlem? Har du \u00f6nskem\u00e5l eller \u00e5sikter? Vill du veta mera?<\/p>\n<p>Vi svarar mer \u00e4n g\u00e4rna p\u00e5 dina fr\u00e5gor, s\u00e5 tveka inte att kontakta oss. Kontaktuppgifter finns att hitta nedan f\u00f6r s\u00e5v\u00e4l SFP i Finland som huvudorganisationen i Kyrksl\u00e4tt.<\/p>\n<h3>SFP i Finland<\/h3>\n<p style=\"padding-left: 40px;\"><b>Postadressen \u00e4r<\/b> PB 430, 00101 Helsingfors<\/p>\n<p style=\"padding-left: 40px;\"><b>Bes\u00f6kadressen \u00e4r<\/b> Simonsgatan 8 A, 00100 Helsingfors<\/p>\n<p style=\"padding-left: 40px;\"><b>Telefonnummer<\/b> 09-693 070<\/p>\n<p style=\"padding-left: 40px;\"><b>E-postadress<\/b> info[at]sfp.fi<\/p>\n<hr \/>\n<h3>SFP i Kyrksl\u00e4tt<\/h3>\n<p style=\"padding-left: 40px;\"><b>E-postadress:<\/b> info[at]sfpkyrkslatt.fi<\/p>\n\n\n<p class=\"has-text-align-center\"><strong>F\u00f6lj oss p\u00e5 Facebook<\/strong>: <a href=\"https:\/\/www.facebook.com\/SFPiKyrkslatt\/\" target=\"_blank\" rel=\"noreferrer noopener\">https:\/\/www.facebook.com\/SFPiKyrkslatt\/<\/a> <strong>och p\u00e5 Instagram<\/strong> <a href=\"https:\/\/www.instagram.com\/sfp_kyrkslatt\/?hl=fi\">https:\/\/www.instagram.com\/sfp_kyrkslatt\/?hl=fi<\/a><\/p>\n\n\n<div class=\"wp-block-image\">\n<figure class=\"aligncenter size-large is-resized\"><img loading=\"lazy\" decoding=\"async\" width=\"1024\" height=\"302\" src=\"https:\/\/sfpkyrkslatt.fi\/wp-content\/uploads\/2020\/05\/Kyrkslatt1-1-1024x302.png\" alt=\"\" class=\"wp-image-2666\" style=\"width:222px;height:auto\" srcset=\"https:\/\/sfpkyrkslatt.fi\/wp-content\/uploads\/2020\/05\/Kyrkslatt1-1-1024x302.png 1024w, https:\/\/sfpkyrkslatt.fi\/wp-content\/uploads\/2020\/05\/Kyrkslatt1-1-300x88.png 300w, https:\/\/sfpkyrkslatt.fi\/wp-content\/uploads\/2020\/05\/Kyrkslatt1-1-768x226.png 768w, https:\/\/sfpkyrkslatt.fi\/wp-content\/uploads\/2020\/05\/Kyrkslatt1-1-850x250.png 850w, https:\/\/sfpkyrkslatt.fi\/wp-content\/uploads\/2020\/05\/Kyrkslatt1-1.png 1181w\" sizes=\"auto, (max-width: 1024px) 100vw, 1024px\" \/><\/figure>\n<\/div>\n\n\n<p><\/p>\n","protected":false},"excerpt":{"rendered":"<p>Har du fr\u00e5gor om v\u00e5r verksamhet? Vill du bli medlem? Har du \u00f6nskem\u00e5l eller \u00e5sikter? Vill du veta mera? Vi svarar mer \u00e4n g\u00e4rna p\u00e5 dina fr\u00e5gor, s\u00e5 tveka inte att kontakta oss. Kontaktuppgifter finns att hitta nedan f\u00f6r s\u00e5v\u00e4l SFP i Finland som huvudorganisationen i Kyrksl\u00e4tt. SFP i Finland Postadressen \u00e4r PB 430, 00101&#8230;<\/p>\n","protected":false},"author":1,"featured_media":0,"parent":0,"menu_order":0,"comment_status":"closed","ping_status":"closed","template":"","meta":{"footnotes":""},"class_list":["post-92","page","type-page","status-publish","hentry"],"jetpack_sharing_enabled":true,"_links":{"self":[{"href":"https:\/\/sfpkyrkslatt.fi\/index.php\/wp-json\/wp\/v2\/pages\/92","targetHints":{"allow":["GET"]}}],"collection":[{"href":"https:\/\/sfpkyrkslatt.fi\/index.php\/wp-json\/wp\/v2\/pages"}],"about":[{"href":"https:\/\/sfpkyrkslatt.fi\/index.php\/wp-json\/wp\/v2\/types\/page"}],"author":[{"embeddable":true,"href":"https:\/\/sfpkyrkslatt.fi\/index.php\/wp-json\/wp\/v2\/users\/1"}],"replies":[{"embeddable":true,"href":"https:\/\/sfpkyrkslatt.fi\/index.php\/wp-json\/wp\/v2\/comments?post=92"}],"version-history":[{"count":18,"href":"https:\/\/sfpkyrkslatt.fi\/index.php\/wp-json\/wp\/v2\/pages\/92\/revisions"}],"predecessor-version":[{"id":1117,"href":"https:\/\/sfpkyrkslatt.fi\/index.php\/wp-json\/wp\/v2\/pages\/92\/revisions\/1117"}],"wp:attachment":[{"href":"https:\/\/sfpkyrkslatt.fi\/index.php\/wp-json\/wp\/v2\/media?parent=92"}],"curies":[{"name":"wp","href":"https:\/\/api.w.org\/{rel}","templated":true}]}}