{"id":976,"date":"2020-05-10T08:48:38","date_gmt":"2020-05-10T06:48:38","guid":{"rendered":"http:\/\/sfpkyrkslatt.fi\/?page_id=976"},"modified":"2025-02-26T16:10:32","modified_gmt":"2025-02-26T14:10:32","slug":"hur-blev-vi-medlemmar","status":"publish","type":"page","link":"https:\/\/sfpkyrkslatt.fi\/index.php\/bli-medlem\/hur-blev-vi-medlemmar\/","title":{"rendered":"Hur vi blev medlemmar"},"content":{"rendered":"\n<figure class=\"wp-block-image size-medium is-resized is-style-default\"><img loading=\"lazy\" decoding=\"async\" width=\"225\" height=\"300\" src=\"https:\/\/sfpkyrkslatt.fi\/wp-content\/uploads\/2021\/12\/Bjo\u0308rk_Tony_VFOweb-225x300.jpg\" alt=\"\" class=\"wp-image-2166\" style=\"width:113px;height:150px\" srcset=\"https:\/\/sfpkyrkslatt.fi\/wp-content\/uploads\/2021\/12\/Bjo\u0308rk_Tony_VFOweb-225x300.jpg 225w, https:\/\/sfpkyrkslatt.fi\/wp-content\/uploads\/2021\/12\/Bjo\u0308rk_Tony_VFOweb-768x1024.jpg 768w, https:\/\/sfpkyrkslatt.fi\/wp-content\/uploads\/2021\/12\/Bjo\u0308rk_Tony_VFOweb-1152x1536.jpg 1152w, https:\/\/sfpkyrkslatt.fi\/wp-content\/uploads\/2021\/12\/Bjo\u0308rk_Tony_VFOweb-1536x2048.jpg 1536w, https:\/\/sfpkyrkslatt.fi\/wp-content\/uploads\/2021\/12\/Bjo\u0308rk_Tony_VFOweb-624x832.jpg 624w, https:\/\/sfpkyrkslatt.fi\/wp-content\/uploads\/2021\/12\/Bjo\u0308rk_Tony_VFOweb.jpg 1779w\" sizes=\"auto, (max-width: 225px) 100vw, 225px\" \/><\/figure>\n\n\n<p>Hej.<\/p>\n<p>Jag \u00e4r en 48-\u00e5rig trebarnspappa med barn i \u00e5ldrarna 16, 12 och 8. Arbetar sedan 15 \u00e5r tillbaka som rektor i Esbo och innan det jobbade jag b\u00e5de som klassl\u00e4rare och specialklassl\u00e4rare i fem \u00e5r.<\/p>\n<p>Samh\u00e4llsuppbyggnaden har alltid fascinerat mig och har redan i ung \u00e5lder satte jag mig in i olika samh\u00e4lleliga fenomen, men det tog en god stund innan jag sj\u00e4lv aktiverade mig i olika fr\u00e5gor. I yngre \u00e5ldrar var det fr\u00e4mst idrotten som tog min tid, men under min studietid b\u00f6rjade jag \u00e4ven aktivera mig samh\u00e4lleligt.<\/p>\n<p>Under denna period var jag inte medlem i sfp, utan snarare i konkurrerande politiska organisationer. Det var f\u00f6rst n\u00e4r jag kom upp i vuxen \u00e5lder som valet f\u00f6ll p\u00e5 sfp. I samband med att jag hj\u00e4lpte en av mina v\u00e4nner i ett kommunalval i Vasa ins\u00e5g jag att sfp var ett parti som jag kunde relatera till: Olika \u00e5sikter var till\u00e5tna och det var tillr\u00e4ckligt liberalt. Det var \u00e4ven det parti som genuint v\u00e4rnade om den finlandssvenska kulturen och de svenskspr\u00e5kigas r\u00e4ttigheter.<\/p>\n<p>\u00c5r 2008 bodde jag i Esbo och blev tillfr\u00e5gad att st\u00e4lla upp i valet, vilket jag naturligtvis gjorde. Precis n\u00e4r kampanjen skulle k\u00f6ra ig\u00e5ng visade sig att jag och min nuvarande fru skulle f\u00e5 v\u00e5rt f\u00f6rsta barn och i den vevan blev det aktuellt att hitta nytt boende. Det ledde till kommunbyte, vilket \u00e4ven sumpade m\u00f6jligheterna att vara kommunalpolitiskt aktiv i Esbo.<\/p>\n<p>\u00c5r 2012 st\u00e4llde jag som nyinflyttad upp i Kyrksl\u00e4tt, och fick ett ganska blygsamt r\u00f6stetal. Det r\u00e4ckte \u00e4nd\u00e5 till en plats i svenska f\u00f6rskole- och utbildningsn\u00e4mnden. Min devis var att mina f\u00e5 r\u00f6stare skulle f\u00e5 valuta f\u00f6r sitt val och jag var s\u00e5 aktiv jag kunde p\u00e5 den posten. I f\u00f6ljande val r\u00e4ckte r\u00f6sterna sedan \u00e4nda in i kommunfullm\u00e4ktige, vidare till gruppordf\u00f6rande samt ordf\u00f6rande f\u00f6r svenska f\u00f6rskole- och utbildningsn\u00e4mnden. Senare \u00e4ven st\u00f6rre uppgifter och idag \u00e4r jag fullm\u00e4ktigeordf\u00f6rande.<\/p>\n<p>Jag \u00e4r mycket tacksam f\u00f6r att jag f\u00e5tt det f\u00f6rtroendet men alltid \u00e4r det inte s\u00e5 l\u00e4tt att b\u00e4ra det ansvaret. Det har \u00e4nd\u00e5 varit, och \u00e4r fortfarande, en mycket givande resa och rekommenderar \u00e4ven dig att v\u00e5ga ta chansen att st\u00e4lla upp i val eller aktivera dej i v\u00e5rt parti.<\/p>\n<p>Med v\u00e4nlig h\u00e4lsning,<\/p>\n<p><strong>Tony Bj\u00f6rk<\/strong><\/p>\n\n\n<hr class=\"wp-block-separator has-css-opacity\"\/>\n\n\n\n<figure class=\"wp-block-image size-medium is-resized\"><img loading=\"lazy\" decoding=\"async\" width=\"225\" height=\"300\" src=\"https:\/\/sfpkyrkslatt.fi\/wp-content\/uploads\/2021\/03\/Liljequist-Kim-W2-225x300.jpg\" alt=\"\" class=\"wp-image-1775\" style=\"width:113px;height:150px\" srcset=\"https:\/\/sfpkyrkslatt.fi\/wp-content\/uploads\/2021\/03\/Liljequist-Kim-W2-225x300.jpg 225w, https:\/\/sfpkyrkslatt.fi\/wp-content\/uploads\/2021\/03\/Liljequist-Kim-W2-624x831.jpg 624w, https:\/\/sfpkyrkslatt.fi\/wp-content\/uploads\/2021\/03\/Liljequist-Kim-W2.jpg 719w\" sizes=\"auto, (max-width: 225px) 100vw, 225px\" \/><\/figure>\n\n\n\n<p>B\u00e4sta l\u00e4sare,<\/p>\n\n\n\n<p>jag \u00e4r Kim Liljequist, 47 \u00e5r och blev medlem i SFP i Kyrksl\u00e4tt i juli 2019. Egentligen skedde detta av en slump.<\/p>\n\n\n\n<p>Fast jag alltid har varit intresserad av lokala \u00e4renden i Kyrksl\u00e4tt, s\u00e5 hade jag t\u00e4nkt att sedan n\u00e4r mina barn blivit ton\u00e5ringar skulle jag m\u00f6jligen ans\u00f6ka om medlemsskap i SFP i slutet av 2020-talet. Jag tyckte att jag, en lokal sm\u00e5f\u00f6retagare med p\u00e5 den tiden en 2-\u00e5ring och en 5-\u00e5ring hemma, f\u00f6rtroendeposter p\u00e5 Social- och H\u00e4lsov\u00e5rdsministeriet, Finska F\u00f6rs\u00e4kringsm\u00e4klarf\u00f6rbundet och lite f\u00f6reningsverksamhet abslout inte hade tid med mera just nu.<\/p>\n\n\n\n<p>Situationen \u00e4ndrades 2019 under riksdagsvalkampanjen. Egentligen hade jag inte t\u00e4nkt g\u00f6ra annat \u00e4n r\u00f6sta, men jag hade lagt m\u00e4rke till att min sl\u00e4kting Anders Adlercreutz var en aktiv lokalpolitiker och riksdagsman med kloka \u00e5sikter. Jag ville hj\u00e4lpa honom i hans kampanj och spenderade ett antal morgon och kv\u00e4llar, d\u00e5 jag delade ut reklam p\u00e5 t\u00e5gperronger eller i postl\u00e5dor. Anders blev \u00e5tervald och jag fortsatte mitt liv som f\u00f6rut; \u00e4nnu hade jag inte politiska ambitioner.<\/p>\n\n\n\n<p>Detta \u00e4ndrades, d\u00e5 Jenny Snellman tillfr\u00e5gade mig p\u00e5 sommarsemestern om jag ville komma med; SFP hade noterat min aktivitet i Anders valkampanj. Jag blev erbjuden en n\u00e4mndeplats inom svenska f\u00f6rskoleverksamhets- och utbildningsn\u00e4mnden, och som sm\u00e5barnsf\u00f6r\u00e4lder upplevde jag denna v\u00e4ldigt lockande. Jag ville kunna p\u00e5verka mina barns vardag i dagis och skola. Jag funderade p\u00e5 saken \u00f6ver natten, fr\u00e5gade min sambos \u00e5sikt och tackade ja n\u00e4sta morgon. <\/p>\n\n\n\n<p>Mitt val har jag inte \u00e5ngrat, det \u00e4r riktigt roligt att f\u00e5 vara med och p\u00e5verka. Jag kan p\u00e5verka lokalt, \u00e4rendena \u00e4r h\u00f6gaktuella, jag tr\u00e4ffar mycket nya m\u00e4nniskor och det politiska beslutsfattandet \u00e4r mycket intressant. Och jag har inte beh\u00f6vt bekymra mig \u00f6ver den tidsbrist jag oroade mig f\u00f6r; detta tar bara s\u00e5 mycket tid i anspr\u00e5k som jag \u00e4r villig att ge. <\/p>\n\n\n\n<p>Jag st\u00e4ller g\u00e4rna p\u00e5 fr\u00e5gor, ifall ni vill veta mer om SFP, om hur man kan p\u00e5verka, hur det \u00e4r att vara med och hur mycket tid det tar.  Ni n\u00e5r mig p\u00e5 fornamn.efternamn@kirkkonummi.fi eller 050-337 2555. <\/p>\n\n\n\n<p>Hoppas att vi ses i politiken,<\/p>\n\n\n\n<p><strong>Kim Liljequist<\/strong><\/p>\n\n\n\n<p class=\"has-text-align-center\"><strong>F\u00f6lj oss p\u00e5 Facebook<\/strong>: <a href=\"https:\/\/www.facebook.com\/SFPiKyrkslatt\/\" target=\"_blank\" rel=\"noreferrer noopener\">https:\/\/www.facebook.com\/SFPiKyrkslatt\/<\/a> <strong>och p\u00e5 Instagram<\/strong> <a href=\"https:\/\/www.instagram.com\/sfp_kyrkslatt\/?hl=fi\">https:\/\/www.instagram.com\/sfp_kyrkslatt\/?hl=fi<\/a><\/p>\n\n\n<div class=\"wp-block-image\">\n<figure class=\"aligncenter size-large is-resized\"><img loading=\"lazy\" decoding=\"async\" width=\"1024\" height=\"302\" src=\"https:\/\/sfpkyrkslatt.fi\/wp-content\/uploads\/2020\/05\/Kyrkslatt1-1-1024x302.png\" alt=\"\" class=\"wp-image-2666\" style=\"width:222px;height:auto\" srcset=\"https:\/\/sfpkyrkslatt.fi\/wp-content\/uploads\/2020\/05\/Kyrkslatt1-1-1024x302.png 1024w, https:\/\/sfpkyrkslatt.fi\/wp-content\/uploads\/2020\/05\/Kyrkslatt1-1-300x88.png 300w, https:\/\/sfpkyrkslatt.fi\/wp-content\/uploads\/2020\/05\/Kyrkslatt1-1-768x226.png 768w, https:\/\/sfpkyrkslatt.fi\/wp-content\/uploads\/2020\/05\/Kyrkslatt1-1-850x250.png 850w, https:\/\/sfpkyrkslatt.fi\/wp-content\/uploads\/2020\/05\/Kyrkslatt1-1.png 1181w\" sizes=\"auto, (max-width: 1024px) 100vw, 1024px\" \/><\/figure>\n<\/div>\n\n\n<p><\/p>\n","protected":false},"excerpt":{"rendered":"<p>Hej. Jag \u00e4r en 48-\u00e5rig trebarnspappa med barn i \u00e5ldrarna 16, 12 och 8. Arbetar sedan 15 \u00e5r tillbaka som rektor i Esbo och innan det jobbade jag b\u00e5de som klassl\u00e4rare och specialklassl\u00e4rare i fem \u00e5r. Samh\u00e4llsuppbyggnaden har alltid fascinerat mig och har redan i ung \u00e5lder satte jag mig in i olika samh\u00e4lleliga fenomen,&#8230;<\/p>\n","protected":false},"author":4,"featured_media":0,"parent":24,"menu_order":0,"comment_status":"closed","ping_status":"closed","template":"","meta":{"footnotes":""},"class_list":["post-976","page","type-page","status-publish","hentry"],"jetpack_sharing_enabled":true,"_links":{"self":[{"href":"https:\/\/sfpkyrkslatt.fi\/index.php\/wp-json\/wp\/v2\/pages\/976","targetHints":{"allow":["GET"]}}],"collection":[{"href":"https:\/\/sfpkyrkslatt.fi\/index.php\/wp-json\/wp\/v2\/pages"}],"about":[{"href":"https:\/\/sfpkyrkslatt.fi\/index.php\/wp-json\/wp\/v2\/types\/page"}],"author":[{"embeddable":true,"href":"https:\/\/sfpkyrkslatt.fi\/index.php\/wp-json\/wp\/v2\/users\/4"}],"replies":[{"embeddable":true,"href":"https:\/\/sfpkyrkslatt.fi\/index.php\/wp-json\/wp\/v2\/comments?post=976"}],"version-history":[{"count":27,"href":"https:\/\/sfpkyrkslatt.fi\/index.php\/wp-json\/wp\/v2\/pages\/976\/revisions"}],"predecessor-version":[{"id":2733,"href":"https:\/\/sfpkyrkslatt.fi\/index.php\/wp-json\/wp\/v2\/pages\/976\/revisions\/2733"}],"up":[{"embeddable":true,"href":"https:\/\/sfpkyrkslatt.fi\/index.php\/wp-json\/wp\/v2\/pages\/24"}],"wp:attachment":[{"href":"https:\/\/sfpkyrkslatt.fi\/index.php\/wp-json\/wp\/v2\/media?parent=976"}],"curies":[{"name":"wp","href":"https:\/\/api.w.org\/{rel}","templated":true}]}}